{"id":337,"date":"2016-06-17T09:21:14","date_gmt":"2016-06-17T09:21:14","guid":{"rendered":"http:\/\/joanne-wieland-burston.com\/?page_id=337"},"modified":"2016-06-27T08:54:36","modified_gmt":"2016-06-27T08:54:36","slug":"leuchtturm","status":"publish","type":"page","link":"https:\/\/joanne-wieland-burston.com\/it\/leuchtturm","title":{"rendered":"Il faro"},"content":{"rendered":"<p><\/p>\n<p><span style=\"font-size: 14pt;\">Forse vi chiederete perch\u00e9 ho scelto il faro come simbolo del mio sito internet. Io ritengo che il faro rappresenti molto bene le molte sfaccettature del concetto di orientamento. Sono convinta che nella vita trovare il proprio orientamento (si potrebbe anche dire il proprio faro) sia un obiettivo centrale, anzi l&#8217;obiettivo principale di ogni tipo di lavoro psicoterapeutico. Con l&#8217;aiuto di questo faro, diventa possibile intraprendere ci\u00f2 che \u00e8 importante per se stessi e prendere le decisioni che si adattano alla propria personalit\u00e0. Un tale processo di autoscoperta oggi per molte persone non \u00e8 facile ed \u00e8 spesso impossibile senza un aiuto professionale. Il mio lavoro consiste nell&#8217;accompagnare le persone su questa strada (alla scoperta di S\u00e9).<\/span><\/p>\n<p><\/p>","protected":false},"excerpt":{"rendered":"<p>Forse vi chiederete perch\u00e9 ho scelto il faro come simbolo del mio sito internet. Io ritengo che il faro rappresenti molto bene le molte sfaccettature del concetto di orientamento. Sono convinta che nella vita trovare il proprio orientamento (si potrebbe anche dire il proprio faro) sia un obiettivo centrale, anzi l&#8217;obiettivo principale di ogni tipo <a class=\"more-link\" href=\"https:\/\/joanne-wieland-burston.com\/it\/leuchtturm\">Mehr lesen&#8230;<\/a><\/p>\n","protected":false},"author":1,"featured_media":239,"parent":0,"menu_order":0,"comment_status":"closed","ping_status":"closed","template":"","meta":{"footnotes":""},"class_list":["post-337","page","type-page","status-publish","has-post-thumbnail","hentry"],"aioseo_notices":[],"_links":{"self":[{"href":"https:\/\/joanne-wieland-burston.com\/it\/wp-json\/wp\/v2\/pages\/337","targetHints":{"allow":["GET"]}}],"collection":[{"href":"https:\/\/joanne-wieland-burston.com\/it\/wp-json\/wp\/v2\/pages"}],"about":[{"href":"https:\/\/joanne-wieland-burston.com\/it\/wp-json\/wp\/v2\/types\/page"}],"author":[{"embeddable":true,"href":"https:\/\/joanne-wieland-burston.com\/it\/wp-json\/wp\/v2\/users\/1"}],"replies":[{"embeddable":true,"href":"https:\/\/joanne-wieland-burston.com\/it\/wp-json\/wp\/v2\/comments?post=337"}],"version-history":[{"count":9,"href":"https:\/\/joanne-wieland-burston.com\/it\/wp-json\/wp\/v2\/pages\/337\/revisions"}],"predecessor-version":[{"id":516,"href":"https:\/\/joanne-wieland-burston.com\/it\/wp-json\/wp\/v2\/pages\/337\/revisions\/516"}],"wp:featuredmedia":[{"embeddable":true,"href":"https:\/\/joanne-wieland-burston.com\/it\/wp-json\/wp\/v2\/media\/239"}],"wp:attachment":[{"href":"https:\/\/joanne-wieland-burston.com\/it\/wp-json\/wp\/v2\/media?parent=337"}],"curies":[{"name":"wp","href":"https:\/\/api.w.org\/{rel}","templated":true}]}}