{"id":8,"date":"2016-05-20T12:47:11","date_gmt":"2016-05-20T12:47:11","guid":{"rendered":"http:\/\/joanne-wieland-burston.com\/?page_id=8"},"modified":"2016-06-27T09:05:07","modified_gmt":"2016-06-27T09:05:07","slug":"how-i-work","status":"publish","type":"page","link":"https:\/\/joanne-wieland-burston.com\/fr\/how-i-work","title":{"rendered":"Comment je travaille"},"content":{"rendered":"<p><\/p>\n<p><span style=\"font-size: 14pt;\">J\u2019utilise dans mon travail les r\u00eaves, l\u2019imagination, les images, de petits objets symboliques et, \u00e9videmment, la parole. Pour moi, comme pour Carl Gustav Jung, chaque psychoth\u00e9rapie est un travail individuel car chaque \u00eatre humain est un individu; cette constatation exige n\u00e9cessairement l\u2019adaptation de la m\u00e9thode \u00e0 l\u2019individu avec lequel on travaille. Jung disait que le psychoth\u00e9rapeute doit traiter son client de la mani\u00e8re qui convient le mieux \u00e0 sa personnalit\u00e9 unique et impr\u00e9visible. Il concevait la psychoth\u00e9rapie comme un processus dialectique qui exige une attitude d\u00e9pourvue de pr\u00e9jug\u00e9 de la part du th\u00e9rapeute. Celui-ci serait un participant \u00e9gal dans le discours th\u00e9rapeutique.<\/span><\/p>\n<p><span style=\"font-size: 14pt;\">Je travaille avec des adultes, individuellement et en couple.<\/span><\/p>\n<p><span style=\"font-size: 14pt;\">Mes sp\u00e9cialisations sont les suivantes: les probl\u00e8mes d\u2019adaptation culturelle, les probl\u00e8mes de couple, les troubles psychosomatiques, la d\u00e9pression, le burn out, l\u2019anxi\u00e9t\u00e9 et l\u2019\u00e9ducation des enfants.<\/span><\/p>\n<p><\/p>","protected":false},"excerpt":{"rendered":"<p>J\u2019utilise dans mon travail les r\u00eaves, l\u2019imagination, les images, de petits objets symboliques et, \u00e9videmment, la parole. Pour moi, comme pour Carl Gustav Jung, chaque psychoth\u00e9rapie est un travail individuel car chaque \u00eatre humain est un individu; cette constatation exige n\u00e9cessairement l\u2019adaptation de la m\u00e9thode \u00e0 l\u2019individu avec lequel on travaille. Jung disait que le <a class=\"more-link\" href=\"https:\/\/joanne-wieland-burston.com\/fr\/how-i-work\">Mehr lesen&#8230;<\/a><\/p>\n","protected":false},"author":1,"featured_media":518,"parent":0,"menu_order":0,"comment_status":"closed","ping_status":"closed","template":"","meta":{"footnotes":""},"class_list":["post-8","page","type-page","status-publish","has-post-thumbnail","hentry"],"aioseo_notices":[],"_links":{"self":[{"href":"https:\/\/joanne-wieland-burston.com\/fr\/wp-json\/wp\/v2\/pages\/8","targetHints":{"allow":["GET"]}}],"collection":[{"href":"https:\/\/joanne-wieland-burston.com\/fr\/wp-json\/wp\/v2\/pages"}],"about":[{"href":"https:\/\/joanne-wieland-burston.com\/fr\/wp-json\/wp\/v2\/types\/page"}],"author":[{"embeddable":true,"href":"https:\/\/joanne-wieland-burston.com\/fr\/wp-json\/wp\/v2\/users\/1"}],"replies":[{"embeddable":true,"href":"https:\/\/joanne-wieland-burston.com\/fr\/wp-json\/wp\/v2\/comments?post=8"}],"version-history":[{"count":30,"href":"https:\/\/joanne-wieland-burston.com\/fr\/wp-json\/wp\/v2\/pages\/8\/revisions"}],"predecessor-version":[{"id":520,"href":"https:\/\/joanne-wieland-burston.com\/fr\/wp-json\/wp\/v2\/pages\/8\/revisions\/520"}],"wp:featuredmedia":[{"embeddable":true,"href":"https:\/\/joanne-wieland-burston.com\/fr\/wp-json\/wp\/v2\/media\/518"}],"wp:attachment":[{"href":"https:\/\/joanne-wieland-burston.com\/fr\/wp-json\/wp\/v2\/media?parent=8"}],"curies":[{"name":"wp","href":"https:\/\/api.w.org\/{rel}","templated":true}]}}