{"id":6,"date":"2016-05-20T12:46:27","date_gmt":"2016-05-20T12:46:27","guid":{"rendered":"http:\/\/joanne-wieland-burston.com\/?page_id=6"},"modified":"2025-02-04T20:29:21","modified_gmt":"2025-02-04T20:29:21","slug":"who-am-i","status":"publish","type":"page","link":"https:\/\/joanne-wieland-burston.com\/fr\/","title":{"rendered":"Qui je suis"},"content":{"rendered":"<p><\/p>\n<p style=\"text-align: left;\"><img loading=\"lazy\" decoding=\"async\" class=\"alignleft wp-image-351\" src=\"http:\/\/joanne-wieland-burston.com\/wp-content\/uploads\/2016\/05\/Dr.Joanne_Wieland-Burston_Potrait_Muenchen_f.jpg\" alt=\"Dr.Joanne_Wieland-Burston_Potrait_Muenchen_f\" width=\"280\" height=\"394\" srcset=\"https:\/\/joanne-wieland-burston.com\/wp-content\/uploads\/2016\/05\/Dr.Joanne_Wieland-Burston_Potrait_Muenchen_f.jpg 300w, https:\/\/joanne-wieland-burston.com\/wp-content\/uploads\/2016\/05\/Dr.Joanne_Wieland-Burston_Potrait_Muenchen_f-213x300.jpg 213w\" sizes=\"auto, (max-width: 280px) 100vw, 280px\" \/><\/p>\n<p style=\"text-align: justify;\"><span style=\"font-size: 14pt;\">Je suis d\u2019origine am\u00e9ricaine, mais je vis en Europe depuis 1967. Apr\u00e8s avoir re\u00e7u mon dipl\u00f4me de Bachelor d\u2019Arts de l\u2019Universit\u00e9 de Toronto (Canada) je suis venue en Suisse gr\u00e2ce \u00e0 une bourse d\u2019\u00e9tudes. \u00c0 la fin de mon doctorat en litt\u00e9rature compar\u00e9e en 1977, j\u2019ai poursuivi des \u00e9tudes de psychologie jungienne \u00e0 l\u2019Institut C. G. Jung \u00e0 Zurich. J\u2019ai re\u00e7u mon dipl\u00f4me de Psychologue Analytique en 1981. J\u2019ai travaill\u00e9 dans mon cabinet priv\u00e9 \u00e0 Zurich jusqu\u2019en 1988, date \u00e0 laquelle je suis venue m\u2019installer en Allemagne \u00e0 Munich. Cependant, je continue \u00e0 travailler r\u00e9guli\u00e8rement \u00e0 Zurich. En 1992, je suis devenue analyste didactique, enseignante et superviseur \u00e0 l\u2019Institut Jung de Zurich. Actuellement, j\u2019occupe les m\u00eames fonctions aupr\u00e8s du S\u00e9minaire International de Psychologie Analytique de Zurich.<\/span><\/p>\n<p style=\"text-align: justify;\"><span style=\"font-size: 14pt;\">Ma langue maternelle est l\u2019anglais, mais je parle couramment le fran\u00e7ais et l\u2019allemand. J&rsquo;ai \u00e9galement de tr\u00e8s bonnes connaissances en italien. Je travaille dans ces langues.<\/span><\/p>\n<p><\/p>","protected":false},"excerpt":{"rendered":"<p>Je suis d\u2019origine am\u00e9ricaine, mais je vis en Europe depuis 1967. Apr\u00e8s avoir re\u00e7u mon dipl\u00f4me de Bachelor d\u2019Arts de l\u2019Universit\u00e9 de Toronto (Canada) je suis venue en Suisse gr\u00e2ce \u00e0 une bourse d\u2019\u00e9tudes. \u00c0 la fin de mon doctorat en litt\u00e9rature compar\u00e9e en 1977, j\u2019ai poursuivi des \u00e9tudes de psychologie jungienne \u00e0 l\u2019Institut C. <a class=\"more-link\" href=\"https:\/\/joanne-wieland-burston.com\/fr\/\">Mehr lesen&#8230;<\/a><\/p>\n","protected":false},"author":1,"featured_media":239,"parent":0,"menu_order":0,"comment_status":"closed","ping_status":"closed","template":"","meta":{"footnotes":""},"class_list":["post-6","page","type-page","status-publish","has-post-thumbnail","hentry"],"aioseo_notices":[],"_links":{"self":[{"href":"https:\/\/joanne-wieland-burston.com\/fr\/wp-json\/wp\/v2\/pages\/6","targetHints":{"allow":["GET"]}}],"collection":[{"href":"https:\/\/joanne-wieland-burston.com\/fr\/wp-json\/wp\/v2\/pages"}],"about":[{"href":"https:\/\/joanne-wieland-burston.com\/fr\/wp-json\/wp\/v2\/types\/page"}],"author":[{"embeddable":true,"href":"https:\/\/joanne-wieland-burston.com\/fr\/wp-json\/wp\/v2\/users\/1"}],"replies":[{"embeddable":true,"href":"https:\/\/joanne-wieland-burston.com\/fr\/wp-json\/wp\/v2\/comments?post=6"}],"version-history":[{"count":197,"href":"https:\/\/joanne-wieland-burston.com\/fr\/wp-json\/wp\/v2\/pages\/6\/revisions"}],"predecessor-version":[{"id":626,"href":"https:\/\/joanne-wieland-burston.com\/fr\/wp-json\/wp\/v2\/pages\/6\/revisions\/626"}],"wp:featuredmedia":[{"embeddable":true,"href":"https:\/\/joanne-wieland-burston.com\/fr\/wp-json\/wp\/v2\/media\/239"}],"wp:attachment":[{"href":"https:\/\/joanne-wieland-burston.com\/fr\/wp-json\/wp\/v2\/media?parent=6"}],"curies":[{"name":"wp","href":"https:\/\/api.w.org\/{rel}","templated":true}]}}