{"id":337,"date":"2016-06-17T09:21:14","date_gmt":"2016-06-17T09:21:14","guid":{"rendered":"http:\/\/joanne-wieland-burston.com\/?page_id=337"},"modified":"2016-06-27T08:54:36","modified_gmt":"2016-06-27T08:54:36","slug":"leuchtturm","status":"publish","type":"page","link":"https:\/\/joanne-wieland-burston.com\/fr\/leuchtturm","title":{"rendered":"Le phare"},"content":{"rendered":"<p><\/p>\n<p><span style=\"font-size: 14pt;\">Vous vous demandez peut-\u00eatre pourquoi j\u2019ai choisi le phare pour illustrer ma pr\u00e9sentation. J\u2019aime les phares et je les trouve riches en signification ; ils symbolisent divers aspects de l\u2019orientation sur le chemin personnel de la vie. Tout travail sur soi-m\u00eame doit n\u00e9cessairement nous apprendre \u00e0 nous orienter sur nous-m\u00eame, \u00e0 trouver et \u00e0 suivre notre chemin individuel dans la vie. Ceci n\u2019est pas toujours facile. C\u2019est un rapport avec soi-m\u00eame (avec le Soi) qui nous guide \u2013 comme un phare \u2013 sur ce chemin.<\/span><\/p>\n<p><\/p>","protected":false},"excerpt":{"rendered":"<p>Vous vous demandez peut-\u00eatre pourquoi j\u2019ai choisi le phare pour illustrer ma pr\u00e9sentation. J\u2019aime les phares et je les trouve riches en signification ; ils symbolisent divers aspects de l\u2019orientation sur le chemin personnel de la vie. Tout travail sur soi-m\u00eame doit n\u00e9cessairement nous apprendre \u00e0 nous orienter sur nous-m\u00eame, \u00e0 trouver et \u00e0 suivre <a class=\"more-link\" href=\"https:\/\/joanne-wieland-burston.com\/fr\/leuchtturm\">Mehr lesen&#8230;<\/a><\/p>\n","protected":false},"author":1,"featured_media":239,"parent":0,"menu_order":0,"comment_status":"closed","ping_status":"closed","template":"","meta":{"footnotes":""},"class_list":["post-337","page","type-page","status-publish","has-post-thumbnail","hentry"],"aioseo_notices":[],"_links":{"self":[{"href":"https:\/\/joanne-wieland-burston.com\/fr\/wp-json\/wp\/v2\/pages\/337","targetHints":{"allow":["GET"]}}],"collection":[{"href":"https:\/\/joanne-wieland-burston.com\/fr\/wp-json\/wp\/v2\/pages"}],"about":[{"href":"https:\/\/joanne-wieland-burston.com\/fr\/wp-json\/wp\/v2\/types\/page"}],"author":[{"embeddable":true,"href":"https:\/\/joanne-wieland-burston.com\/fr\/wp-json\/wp\/v2\/users\/1"}],"replies":[{"embeddable":true,"href":"https:\/\/joanne-wieland-burston.com\/fr\/wp-json\/wp\/v2\/comments?post=337"}],"version-history":[{"count":9,"href":"https:\/\/joanne-wieland-burston.com\/fr\/wp-json\/wp\/v2\/pages\/337\/revisions"}],"predecessor-version":[{"id":516,"href":"https:\/\/joanne-wieland-burston.com\/fr\/wp-json\/wp\/v2\/pages\/337\/revisions\/516"}],"wp:featuredmedia":[{"embeddable":true,"href":"https:\/\/joanne-wieland-burston.com\/fr\/wp-json\/wp\/v2\/media\/239"}],"wp:attachment":[{"href":"https:\/\/joanne-wieland-burston.com\/fr\/wp-json\/wp\/v2\/media?parent=337"}],"curies":[{"name":"wp","href":"https:\/\/api.w.org\/{rel}","templated":true}]}}