{"id":14,"date":"2016-05-20T12:47:51","date_gmt":"2016-05-20T12:47:51","guid":{"rendered":"http:\/\/joanne-wieland-burston.com\/?page_id=14"},"modified":"2019-05-23T08:32:25","modified_gmt":"2019-05-23T08:32:25","slug":"past-lectures","status":"publish","type":"page","link":"https:\/\/joanne-wieland-burston.com\/fr\/past-lectures","title":{"rendered":"Conf\u00e9rences"},"content":{"rendered":"<p><\/p>\n<p><span style=\"font-size: 14pt;\">Dans le cadre d\u2019instituts jungiens: \u00e0 Zurich et Munich, ainsi que dans des instituts Jung et Freud dans divers pays. J\u2019ai aussi pr\u00e9sent\u00e9 pour des groupes professionnels et la\u00efques en Allemagne, Argentine, Autriche, Belgique, Br\u00e9sil, Chine, Espagne, France, Allemagne, Irlande, Italie, Japon, Russie, Singapour, Suisse, Venezuela<\/span><\/p>\n<p><\/p>","protected":false},"excerpt":{"rendered":"<p>Dans le cadre d\u2019instituts jungiens: \u00e0 Zurich et Munich, ainsi que dans des instituts Jung et Freud dans divers pays. J\u2019ai aussi pr\u00e9sent\u00e9 pour des groupes professionnels et la\u00efques en Allemagne, Argentine, Autriche, Belgique, Br\u00e9sil, Chine, Espagne, France, Allemagne, Irlande, Italie, Japon, Russie, Singapour, Suisse, Venezuela<\/p>\n","protected":false},"author":1,"featured_media":228,"parent":0,"menu_order":0,"comment_status":"closed","ping_status":"closed","template":"","meta":{"footnotes":""},"class_list":["post-14","page","type-page","status-publish","has-post-thumbnail","hentry"],"aioseo_notices":[],"_links":{"self":[{"href":"https:\/\/joanne-wieland-burston.com\/fr\/wp-json\/wp\/v2\/pages\/14","targetHints":{"allow":["GET"]}}],"collection":[{"href":"https:\/\/joanne-wieland-burston.com\/fr\/wp-json\/wp\/v2\/pages"}],"about":[{"href":"https:\/\/joanne-wieland-burston.com\/fr\/wp-json\/wp\/v2\/types\/page"}],"author":[{"embeddable":true,"href":"https:\/\/joanne-wieland-burston.com\/fr\/wp-json\/wp\/v2\/users\/1"}],"replies":[{"embeddable":true,"href":"https:\/\/joanne-wieland-burston.com\/fr\/wp-json\/wp\/v2\/comments?post=14"}],"version-history":[{"count":25,"href":"https:\/\/joanne-wieland-burston.com\/fr\/wp-json\/wp\/v2\/pages\/14\/revisions"}],"predecessor-version":[{"id":591,"href":"https:\/\/joanne-wieland-burston.com\/fr\/wp-json\/wp\/v2\/pages\/14\/revisions\/591"}],"wp:featuredmedia":[{"embeddable":true,"href":"https:\/\/joanne-wieland-burston.com\/fr\/wp-json\/wp\/v2\/media\/228"}],"wp:attachment":[{"href":"https:\/\/joanne-wieland-burston.com\/fr\/wp-json\/wp\/v2\/media?parent=14"}],"curies":[{"name":"wp","href":"https:\/\/api.w.org\/{rel}","templated":true}]}}